{"id":13,"date":"2023-03-10T07:36:58","date_gmt":"2023-03-10T07:36:58","guid":{"rendered":"https:\/\/fundacionvictoria.org\/?page_id=13"},"modified":"2023-05-31T06:47:18","modified_gmt":"2023-05-31T06:47:18","slug":"home","status":"publish","type":"page","link":"https:\/\/fundacionvictoria.org\/","title":{"rendered":"Inicio"},"content":{"rendered":"\n<div class=\"wp-block-media-text alignwide is-stacked-on-mobile\" style=\"grid-template-columns:40% auto\" id=\"nosotros\"><figure class=\"wp-block-media-text__media\"><img decoding=\"async\" loading=\"lazy\" width=\"700\" height=\"600\" src=\"https:\/\/fundacionvictoria.org\/wp-content\/uploads\/2023\/03\/fran-adame-small-deuser.jpg\" alt=\"\" class=\"wp-image-350 size-full\" srcset=\"https:\/\/fundacionvictoria.org\/wp-content\/uploads\/2023\/03\/fran-adame-small-deuser.jpg 700w, https:\/\/fundacionvictoria.org\/wp-content\/uploads\/2023\/03\/fran-adame-small-deuser-300x257.jpg 300w\" sizes=\"(max-width: 700px) 100vw, 700px\" \/><\/figure><div class=\"wp-block-media-text__content\">\n<p>Fundaci\u00f3n Victoria Innovaci\u00f3n, surge con un objetivo claro: mejorar nuestro entorno desde la tecnolog\u00eda y la innovaci\u00f3n. Con esta premisa, desde la fundaci\u00f3n estamos ya trabajando adem\u00e1s en los siguientes fines:<br><br>1\u00ba La promoci\u00f3n de la investigaci\u00f3n, desarrollo e innovaci\u00f3n cient\u00edfico-tecnol\u00f3gica en general y en especial en relaci\u00f3n con su aplicaci\u00f3n a la Industria.<br>2\u00ba El apoyo, fomento y difusi\u00f3n de proyectos cient\u00edfico-tecnol\u00f3gicos y de los emprendedores que los desarrollen.<br>3\u00ba.- La difusi\u00f3n y divulgaci\u00f3n de los avances cient\u00edficos, especialmente los relacionados con la tecnolog\u00eda y su aplicaci\u00f3n a la industria.<br>4\u00ba.- La promoci\u00f3n tecnol\u00f3gica y digitalizaci\u00f3n de sectores de poblaci\u00f3n en riesgo de exclusi\u00f3n, especialmente en la ciudad de C\u00f3rdoba.<br><br>\u00a1Esta historia no ha hecho m\u00e1s que empezar!<\/p>\n<\/div><\/div>\n\n\n\n<br>\n\n\n\n<figure class=\"wp-block-video alignwide\"><video controls src=\"https:\/\/fundacionvictoria.org\/wp-content\/uploads\/2023\/03\/Fundacion_Victoria_Innova-3.mp4\"><\/video><\/figure>\n","protected":false},"excerpt":{"rendered":"<p>Fundaci\u00f3n Victoria Innovaci\u00f3n, surge con un objetivo claro: mejorar nuestro entorno desde la tecnolog\u00eda y la innovaci\u00f3n. Con esta premisa, desde la fundaci\u00f3n estamos ya trabajando adem\u00e1s en los siguientes fines: 1\u00ba La promoci\u00f3n de la investigaci\u00f3n, desarrollo e innovaci\u00f3n cient\u00edfico-tecnol\u00f3gica en general y en especial en relaci\u00f3n con su [&hellip;]<\/p>\n","protected":false},"author":1,"featured_media":383,"parent":0,"menu_order":0,"comment_status":"closed","ping_status":"closed","template":"","meta":[],"_links":{"self":[{"href":"https:\/\/fundacionvictoria.org\/index.php?rest_route=\/wp\/v2\/pages\/13"}],"collection":[{"href":"https:\/\/fundacionvictoria.org\/index.php?rest_route=\/wp\/v2\/pages"}],"about":[{"href":"https:\/\/fundacionvictoria.org\/index.php?rest_route=\/wp\/v2\/types\/page"}],"author":[{"embeddable":true,"href":"https:\/\/fundacionvictoria.org\/index.php?rest_route=\/wp\/v2\/users\/1"}],"replies":[{"embeddable":true,"href":"https:\/\/fundacionvictoria.org\/index.php?rest_route=%2Fwp%2Fv2%2Fcomments&post=13"}],"version-history":[{"count":53,"href":"https:\/\/fundacionvictoria.org\/index.php?rest_route=\/wp\/v2\/pages\/13\/revisions"}],"predecessor-version":[{"id":467,"href":"https:\/\/fundacionvictoria.org\/index.php?rest_route=\/wp\/v2\/pages\/13\/revisions\/467"}],"wp:featuredmedia":[{"embeddable":true,"href":"https:\/\/fundacionvictoria.org\/index.php?rest_route=\/wp\/v2\/media\/383"}],"wp:attachment":[{"href":"https:\/\/fundacionvictoria.org\/index.php?rest_route=%2Fwp%2Fv2%2Fmedia&parent=13"}],"curies":[{"name":"wp","href":"https:\/\/api.w.org\/{rel}","templated":true}]}}